{"id":1998,"date":"2021-12-30T08:25:11","date_gmt":"2021-12-30T08:25:11","guid":{"rendered":"https:\/\/matthias-pfammatter.ch\/contact\/"},"modified":"2025-05-24T12:36:58","modified_gmt":"2025-05-24T12:36:58","slug":"cv","status":"publish","type":"page","link":"https:\/\/matthias-pfammatter.ch\/en\/cv\/","title":{"rendered":"CV"},"content":{"rendered":"<p>[et_pb_section fb_built=&#8221;1&#8243; custom_padding_last_edited=&#8221;on|phone&#8221; _builder_version=&#8221;4.16&#8243; _module_preset=&#8221;default&#8221; custom_margin=&#8221;||||false|false&#8221; custom_padding=&#8221;150px||||false|false&#8221; custom_padding_tablet=&#8221;10%||0px||false|false&#8221; custom_padding_phone=&#8221;&#8221; global_colors_info=&#8221;{}&#8221;][et_pb_row column_structure=&#8221;2_3,1_3&#8243; use_custom_gutter=&#8221;on&#8221; make_equal=&#8221;on&#8221; _builder_version=&#8221;4.25.1&#8243; _module_preset=&#8221;default&#8221; custom_margin=&#8221;||||false|false&#8221; custom_padding=&#8221;0px||0px||false|false&#8221; global_colors_info=&#8221;{}&#8221;][et_pb_column type=&#8221;2_3&#8243; _builder_version=&#8221;4.24.2&#8243; _module_preset=&#8221;default&#8221; custom_padding=&#8221;||||false|false&#8221; custom_padding_tablet=&#8221;0px||||false|false&#8221; custom_padding_last_edited=&#8221;off|desktop&#8221; global_colors_info=&#8221;{}&#8221;][et_pb_text _builder_version=&#8221;4.25.1&#8243; _module_preset=&#8221;default&#8221; header_font=&#8221;||||||||&#8221; header_2_font=&#8221;|300|||||||&#8221; header_6_font=&#8221;|300|||||||&#8221; max_width=&#8221;630px&#8221; max_width_tablet=&#8221;100%&#8221; max_width_phone=&#8221;100%&#8221; max_width_last_edited=&#8221;on|phone&#8221; module_alignment=&#8221;left&#8221; custom_margin=&#8221;||||false|false&#8221; custom_margin_tablet=&#8221;0px||||false|false&#8221; custom_margin_phone=&#8221;0px||||false|false&#8221; custom_margin_last_edited=&#8221;off|phone&#8221; global_colors_info=&#8221;{}&#8221;]I&#8217;m a freelance photographer working in Switzerland, specialising in documentary and editorial photography.<\/p>\n<p>My project-based work is concerned with the impact of human activity on near-natural habitats and their living beings. I connect the interfaces between nature and civilisation and show overlaps between these two areas.<\/p>\n<p>In addition to my artistic practice, I also do commissions in the fields of documentary and photo-journalism, corporate communications, advertising and video production.[\/et_pb_text][\/et_pb_column][et_pb_column type=&#8221;1_3&#8243; _builder_version=&#8221;4.24.2&#8243; _module_preset=&#8221;default&#8221; global_colors_info=&#8221;{}&#8221;][et_pb_image src=&#8221;https:\/\/matthias-pfammatter.ch\/wp-content\/uploads\/2023\/07\/Matthias-Pfammatter.jpg&#8221; alt=&#8221;Matthias Pfammatter&#8221; title_text=&#8221;Matthias-Pfammatter&#8221; show_in_lightbox=&#8221;on&#8221; align_tablet=&#8221;left&#8221; align_phone=&#8221;left&#8221; align_last_edited=&#8221;on|phone&#8221; _builder_version=&#8221;4.21.0&#8243; _module_preset=&#8221;default&#8221; max_width_tablet=&#8221;60%&#8221; max_width_phone=&#8221;100%&#8221; max_width_last_edited=&#8221;on|tablet&#8221; custom_margin=&#8221;||0px||false|false&#8221; custom_padding=&#8221;||||false|false&#8221; module_alignment_tablet=&#8221;&#8221; module_alignment_phone=&#8221;left&#8221; module_alignment_last_edited=&#8221;on|tablet&#8221; global_colors_info=&#8221;{}&#8221;][\/et_pb_image][et_pb_text _builder_version=&#8221;4.19.4&#8243; _module_preset=&#8221;default&#8221; text_font_size=&#8221;11px&#8221; text_line_height=&#8221;1.3em&#8221; text_orientation=&#8221;right&#8221; custom_margin=&#8221;2px||10px||false|false&#8221; text_font_size_tablet=&#8221;11px&#8221; text_font_size_phone=&#8221;11px&#8221; text_font_size_last_edited=&#8221;off|tablet&#8221; text_orientation_tablet=&#8221;left&#8221; text_orientation_phone=&#8221;left&#8221; text_orientation_last_edited=&#8221;on|phone&#8221; locked=&#8221;off&#8221; global_colors_info=&#8221;{}&#8221;]<\/p>\n<p>Image: Emanuel Bohnenblust<\/p>\n<p>[\/et_pb_text][\/et_pb_column][\/et_pb_row][et_pb_row column_structure=&#8221;2_3,1_3&#8243; custom_padding_last_edited=&#8221;on|tablet&#8221; _builder_version=&#8221;4.24.2&#8243; _module_preset=&#8221;default&#8221; custom_margin=&#8221;30px||||false|false&#8221; custom_margin_tablet=&#8221;20px||||false|false&#8221; custom_margin_phone=&#8221;20px||||false|false&#8221; custom_margin_last_edited=&#8221;on|phone&#8221; custom_padding=&#8221;15px||0px||false|false&#8221; custom_padding_tablet=&#8221;20px||||false|false&#8221; custom_padding_phone=&#8221;20px||||false|false&#8221; global_colors_info=&#8221;{}&#8221;][et_pb_column type=&#8221;2_3&#8243; _builder_version=&#8221;4.16&#8243; _module_preset=&#8221;default&#8221; global_colors_info=&#8221;{}&#8221;][et_pb_text ul_type=&#8221;square&#8221; disabled_on=&#8221;on|on|on&#8221; _builder_version=&#8221;4.27.2&#8243; _module_preset=&#8221;default&#8221; header_2_font_size=&#8221;15px&#8221; header_2_line_height=&#8221;1.6em&#8221; custom_padding=&#8221;||10px||false|false&#8221; custom_padding_tablet=&#8221;||10px||false|false&#8221; custom_padding_phone=&#8221;||10px||false|false&#8221; custom_padding_last_edited=&#8221;on|phone&#8221; disabled=&#8221;on&#8221; global_colors_info=&#8221;{}&#8221;]<\/p>\n<h2><strong>Upcoming<\/strong><\/h2>\n<p><\/p>\n<p>Sunday 10th November 2024 at 4.15 pm<br \/>BergBuchBrig<br \/><a href=\"https:\/\/maps.app.goo.gl\/2mWsm6NPLyj8Wu4aA\" target=\"_blank\" rel=\"noopener\" title=\"Zeughaus Kultur, Gliserallee 91, 3902 Brig-Glis\">Zeughaus Kultur, Gliserallee 91, 3902 Brig-Glis<\/a><\/p>\n<p><\/p>\n<p>\u2192 <a href=\"https:\/\/www.bergbuchbrig.ch\/programm\/\" target=\"_blank\" rel=\"noopener\" title=\"Website BergBuchBrig\">Programm<\/a><\/p>\n<p>[\/et_pb_text][et_pb_text ul_type=&#8221;square&#8221; _builder_version=&#8221;4.27.2&#8243; _module_preset=&#8221;default&#8221; header_2_font_size=&#8221;15px&#8221; header_2_line_height=&#8221;1.6em&#8221; custom_margin=&#8221;||||false|false&#8221; custom_padding=&#8221;||10px||false|false&#8221; custom_padding_tablet=&#8221;||10px||false|false&#8221; custom_padding_phone=&#8221;||10px||false|false&#8221; custom_padding_last_edited=&#8221;on|phone&#8221; global_colors_info=&#8221;{}&#8221;]<\/p>\n<h2><strong>Exhibitions \u2218 Publications \u2218 Press texts<\/strong><\/h2>\n<p><\/p>\n<p>2024 \u2218 Filmscreening <a href=\"https:\/\/www.bergbuchbrig.ch\/\" target=\"_blank\" rel=\"noopener noreferrer\" title=\"Webseite BergBuchBrig\">BergBuchBrig<\/a> \u2218 Zeughaus Kultur, Brig-Glis<\/p>\n<p><\/p>\n<p>2023 \u2218 Group Exhibition <a href=\"https:\/\/www.jungkunst.ch\/\" target=\"_blank\" rel=\"noopener noreferrer\" title=\"Website Jungkunst\">Jungkunst 2023<\/a> \u2218 Halle 53, Winterthur<\/p>\n<p><\/p>\n<p>2023 \u2218 Group Exhibition WERKSCHAU 2023 \u2218 HSLU Design &#038; Art, Emmenbr\u00fccke \u2218 <a href=\"https:\/\/vimeo.com\/840095322#t=40:54\" target=\"_blank\" rel=\"noopener noreferrer\" title=\"Recording of the guided tour by Leila Zimmermann\">Recording of the guided tour<\/a>, <a href=\"https:\/\/matthias-pfammatter.ch\/wp-content\/uploads\/2023\/07\/luz_20230628_0_0_15.pdf\" target=\"_blank\" rel=\"noopener noreferrer\" title=\"Newspaper article about the Werkschau of the Luzerner Zeitung\">Newspaper article by Luzerner Zeitung<\/a>, <a href=\"https:\/\/hub.hslu.ch\/design-kunst\/wwwerkschau\/werke\/matthias-pfammatter\/?tag=Ausgezeichnet\" target=\"_blank\" rel=\"noopener noreferrer\">Link to the online exhibition<\/a><\/p>\n<p><\/p>\n<p>2023 \u2218 <a href=\"https:\/\/hub.hslu.ch\/design-kunst\/mensch-tier-und-verbrecher\/\" target=\"_blank\" rel=\"noopener noreferrer\">Mensch, Tier und Verbrecher<\/a> \u2218 published in HSLU Newsfeed (German)<\/p>\n<p><\/p>\n<p>2022 \u2218 Group Exhibition Tools for Liberation \u2218 Walcot Chapel Art Space, Bath<\/p>\n<p><\/p>\n<p>2022 \u2218 Publication carrots, not sticks \u2218 Digital Printing, hand-bound, <a href=\"https:\/\/vimeo.com\/742967478\" target=\"_blank\" rel=\"noopener noreferrer\" title=\"Publication carrots, not sticks\">flip through<\/a><\/p>\n<p><\/p>\n<p>2021 \u2218 Essay: \u00d6kologische Verantwortung in der Kunst \u2218 7 pages, <a href=\"https:\/\/matthias-pfammatter.ch\/wp-content\/uploads\/2021\/12\/Essay_Oekologische-Verantwortung-in-der-Kunst_Matthias-Pfammatter.pdf\" target=\"_blank\" rel=\"noopener noreferrer\" title=\"Essay Oekologische Verantwortung in der Kunst\">Open PDF (German)<\/a><\/p>\n<p><\/p>\n<p>2021 \u2218 Publication IDA moduls 2021 \u2218 online, <a href=\"https:\/\/www.idapublikation21.ch\" target=\"_blank\" rel=\"noopener noreferrer\" title=\"Publication IDA-Module 2021\">idapublikation21.ch<\/a> \u2218  in collaboration with Marcel Schirmer, Nathalie Palermo, Jo\u00ebl Maier and Barbora Kotr\u00edkov\u00e1<\/p>\n<p><\/p>\n<p>2021 \u2218 Publication Realutopie \u2218 Digital Printing, <a href=\"https:\/\/matthias-pfammatter.ch\/wp-content\/uploads\/2021\/12\/Publikation_digital.pdf\" target=\"_blank\" rel=\"noopener noreferrer\" title=\"Publication Realutopie\">Open PDF (German)<\/a><\/p>\n<p><\/p>\n<p>2021 \u2218 Group Exhibition Emmenbr\u00fccke Genius Loci #9 \u2218 online, <a href=\"https:\/\/egl9.pfamm.at\/\" target=\"_blank\" rel=\"noopener noreferrer\" title=\"Group Exhibition Emmenbr\u00fccke Genius Loci #9\">egl9.pfamm.at<\/a><\/p>\n<p><\/p>\n<p>2014 \u2218 Group Exhibition Fototeam Brig \u2218 Galerie zur Matze, Brig<\/p>\n<p><\/p>\n<p>2013 \u2218 Solo Exhibition \u2218 Luzerner H\u00f6henklinik, Crans Montana<\/p>\n<p>[\/et_pb_text][et_pb_text ul_type=&#8221;square&#8221; disabled_on=&#8221;off|off|off&#8221; _builder_version=&#8221;4.22.2&#8243; _module_preset=&#8221;default&#8221; header_2_font_size=&#8221;15px&#8221; header_2_line_height=&#8221;1.6em&#8221; custom_padding=&#8221;||||false|false&#8221; custom_padding_tablet=&#8221;||10px||false|false&#8221; custom_padding_phone=&#8221;||10px||false|false&#8221; custom_padding_last_edited=&#8221;on|phone&#8221; global_colors_info=&#8221;{}&#8221;]<\/p>\n<h2><strong>Awards<\/strong><\/h2>\n<p><\/p>\n<p>2023 \u2218 <a href=\"https:\/\/blog.bkd.lu.ch\/2023\/09\/07\/st-art-nachwuchsf%C3%B6rderpreis-kultur-zum-ersten-mal-vergeben\/\" target=\"blank\" title=\"Nachwuchsf\u00f6rderpreis Kultur canton Lucerne\" rel=\"noopener noreferrer\">ST.ART Nachwuchsf\u00f6rderpreis Kultur<\/a> of the Canton of Lucerne for the Bachelor project \u00abDigital Domestication\u00bb<\/p>\n<p><\/p>\n<p>2022 \u2218 Shortlisted (top 100) in Canon Student Development Program<\/p>\n<p><\/p>\n<p>2022 \u2218 Second place in the Alnatura Switzerland photo competition \u00abSustainable Consumption\u00bb for aspiring professional photographers<\/p>\n<p>[\/et_pb_text][\/et_pb_column][et_pb_column type=&#8221;1_3&#8243; _builder_version=&#8221;4.16&#8243; _module_preset=&#8221;default&#8221; global_colors_info=&#8221;{}&#8221;][et_pb_text _builder_version=&#8221;4.27.4&#8243; _module_preset=&#8221;default&#8221; text_line_height=&#8221;1.6em&#8221; header_2_font_size=&#8221;15px&#8221; header_2_line_height=&#8221;1.6em&#8221; hover_enabled=&#8221;0&#8243; global_colors_info=&#8221;{}&#8221; sticky_enabled=&#8221;0&#8243;]<\/p>\n<h2><strong>Clients<\/strong><\/h2>\n<p><\/p>\n<p><a title=\"Foundation Bildungswerkstatt Bergwald\" href=\"https:\/\/bergwald.ch\/\" target=\"_blank\" rel=\"noreferrer noopener\">Bildungswerkstatt Bergwald \u2218 Thun<\/a><\/p>\n<p><\/p>\n<p><a title=\"BLS AG\" href=\"https:\/\/www.bls.ch\/\" target=\"_blank\" rel=\"noreferrer noopener\">BLS AG \u2218 Bern<\/a><\/p>\n<p><\/p>\n<p><a href=\"https:\/\/www.fhschweiz.ch\/fhnacht\" target=\"_blank\" rel=\"noopener noreferrer\" title=\"FH-Night 2023\">FH Schweiz \u2218 Zurich<\/a><\/p>\n<p><\/p>\n<p><a title=\"Gasser Garten- &amp; Landschaftsbau AG\" href=\"https:\/\/gasser-gartenbau.ch\/\" target=\"_blank\" rel=\"noreferrer noopener\">Gasser Garten- &amp; Landschaftsbau AG \u2218 Dornach<\/a><\/p>\n<p><\/p>\n<p><a title=\"geoformer igp\" href=\"https:\/\/www.geoformer.ch\/\" target=\"_blank\" rel=\"noreferrer noopener\">geoformer igp \u2218 Brig<\/a><\/p>\n<p><\/p>\n<p><a title=\"gsunn\u00e4 rigg\" href=\"https:\/\/gsunnae-rigg.ch\/\" target=\"_blank\" rel=\"noreferrer noopener\">gsunn\u00e4 rigg \u2218 Ried-Brig<\/a><\/p>\n<p><\/p>\n<p><a href=\"https:\/\/www.hslu.ch\/en\/lucerne-school-of-art-and-design\/\" target=\"_blank\" rel=\"noopener noreferrer\" title=\"Lucerne School of Design, Film and Art\u200b\">Lucerne School of Design, Film and Art\u200b \u2218 Lucerne<\/a><\/p>\n<p><\/p>\n<p><a title=\"Hotel Arca\" href=\"https:\/\/www.hotel-arca.ch\/\" target=\"_blank\" rel=\"noreferrer noopener\">Hotel Arca \u2218 Zermatt<\/a><\/p>\n<p><\/p>\n<p><a title=\"HumanRX Martin Kumm\" href=\"https:\/\/humanrx.ch\/\" target=\"_blank\" rel=\"noreferrer noopener\">HumanRX \u2218 Basel<\/a><\/p>\n<p><\/p>\n<p><a title=\"Lili's Praxis\" href=\"https:\/\/www.lilispraxis.ch\/\" target=\"_blank\" rel=\"noreferrer noopener\">Lili&#8217;s Praxis \u2218 Herzogenbuchsee<\/a><\/p>\n<p><\/p>\n<p><a title=\"Modern Wheat Beat Cover Brass\" href=\"https:\/\/www.modernwheatbeat.com\/\" target=\"_blank\" rel=\"noreferrer noopener\">Modern Wheat Beat \u2218 Brig<\/a><\/p>\n<p><\/p>\n<p><a title=\"onlineoptimierung.ch GmbH\" href=\"https:\/\/onlineoptimierung.ch\/\" target=\"_blank\" rel=\"noreferrer noopener\">onlineoptimierung.ch GmbH \u2218 Basel<\/a><\/p>\n<p><\/p>\n<p><a href=\"https:\/\/passionapproachtraining.com\/\" target=\"_blank\" rel=\"noopener noreferrer\" title=\"Passion Approach Training\">Passion Approach Training \u2218 Thun<\/a><\/p>\n<p><\/p>\n<p><a href=\"https:\/\/pflegezentrum-baar.ch\/\" target=\"_blank\" rel=\"noopener noreferrer\" title=\"Pflegezentrum Baar\">Pflegezentrum Baar \u2218 Baar<\/a><\/p>\n<p>[\/et_pb_text][\/et_pb_column][\/et_pb_row][et_pb_row _builder_version=&#8221;4.16&#8243; _module_preset=&#8221;default&#8221; custom_margin=&#8221;||||false|false&#8221; custom_padding=&#8221;0px||||false|false&#8221; global_colors_info=&#8221;{}&#8221;][et_pb_column type=&#8221;4_4&#8243; _builder_version=&#8221;4.16&#8243; _module_preset=&#8221;default&#8221; global_colors_info=&#8221;{}&#8221;][et_pb_text _builder_version=&#8221;4.18.0&#8243; _module_preset=&#8221;default&#8221; text_font_size=&#8221;11px&#8221; custom_margin=&#8221;50px||||false|false&#8221; custom_margin_tablet=&#8221;80px||||false|false&#8221; custom_margin_phone=&#8221;80px||||false|false&#8221; custom_margin_last_edited=&#8221;on|phone&#8221; text_font_size_tablet=&#8221;9px&#8221; text_font_size_phone=&#8221;9px&#8221; text_font_size_last_edited=&#8221;on|phone&#8221; global_colors_info=&#8221;{}&#8221;]Copyright \u00a9 Matthias Pfammatter \u2218 <a href=\"https:\/\/matthias-pfammatter.ch\/en\/imprint-privacy-policy\/\" target=\"_top\" rel=\"noopener\">Imprint &amp; Privacy Policy<\/a>[\/et_pb_text][\/et_pb_column][\/et_pb_row][\/et_pb_section]<\/p>\n","protected":false},"excerpt":{"rendered":"<p>I&#8217;m a freelance photographer working in Switzerland, specialising in documentary and editorial photography.My project-based work is concerned with the impact of human activity on near-natural habitats and their living beings. I connect the interfaces between nature and civilisation and show overlaps between these two areas.In addition to my artistic practice, I also do commissions in [&hellip;]<\/p>\n","protected":false},"author":1,"featured_media":0,"parent":0,"menu_order":0,"comment_status":"closed","ping_status":"closed","template":"","meta":{"_et_pb_use_builder":"on","_et_pb_old_content":"","_et_gb_content_width":"","footnotes":""},"class_list":["post-1998","page","type-page","status-publish","hentry"],"yoast_head":"<!-- This site is optimized with the Yoast SEO plugin v27.5 - https:\/\/yoast.com\/product\/yoast-seo-wordpress\/ -->\n<title>CV \u2218 Matthias Pfammatter<\/title>\n<meta name=\"description\" content=\"freelance photographer \u2013 specialises in documentaries and editorial photography\" \/>\n<meta name=\"robots\" content=\"index, follow, max-snippet:-1, max-image-preview:large, max-video-preview:-1\" \/>\n<link rel=\"canonical\" href=\"https:\/\/matthias-pfammatter.ch\/en\/cv\/\" \/>\n<meta property=\"og:locale\" content=\"en_GB\" \/>\n<meta property=\"og:type\" content=\"article\" \/>\n<meta property=\"og:title\" content=\"CV \u2218 Matthias Pfammatter\" \/>\n<meta property=\"og:description\" content=\"freelance photographer \u2013 specialises in documentaries and editorial photography\" \/>\n<meta property=\"og:url\" content=\"https:\/\/matthias-pfammatter.ch\/en\/cv\/\" \/>\n<meta property=\"og:site_name\" content=\"Matthias Pfammatter\" \/>\n<meta property=\"article:modified_time\" content=\"2025-05-24T12:36:58+00:00\" \/>\n<meta name=\"twitter:card\" content=\"summary_large_image\" \/>\n<meta name=\"twitter:label1\" content=\"Estimated reading time\" \/>\n\t<meta name=\"twitter:data1\" content=\"5 minutes\" \/>\n<script type=\"application\/ld+json\" class=\"yoast-schema-graph\">{\"@context\":\"https:\\\/\\\/schema.org\",\"@graph\":[{\"@type\":\"WebPage\",\"@id\":\"https:\\\/\\\/matthias-pfammatter.ch\\\/en\\\/cv\\\/\",\"url\":\"https:\\\/\\\/matthias-pfammatter.ch\\\/en\\\/cv\\\/\",\"name\":\"CV \u2218 Matthias Pfammatter\",\"isPartOf\":{\"@id\":\"https:\\\/\\\/matthias-pfammatter.ch\\\/en\\\/#website\"},\"datePublished\":\"2021-12-30T08:25:11+00:00\",\"dateModified\":\"2025-05-24T12:36:58+00:00\",\"description\":\"freelance photographer \u2013 specialises in documentaries and editorial photography\",\"breadcrumb\":{\"@id\":\"https:\\\/\\\/matthias-pfammatter.ch\\\/en\\\/cv\\\/#breadcrumb\"},\"inLanguage\":\"en-GB\",\"potentialAction\":[{\"@type\":\"ReadAction\",\"target\":[\"https:\\\/\\\/matthias-pfammatter.ch\\\/en\\\/cv\\\/\"]}]},{\"@type\":\"BreadcrumbList\",\"@id\":\"https:\\\/\\\/matthias-pfammatter.ch\\\/en\\\/cv\\\/#breadcrumb\",\"itemListElement\":[{\"@type\":\"ListItem\",\"position\":1,\"name\":\"Home\",\"item\":\"https:\\\/\\\/matthias-pfammatter.ch\\\/en\\\/landing-page\\\/\"},{\"@type\":\"ListItem\",\"position\":2,\"name\":\"CV\"}]},{\"@type\":\"WebSite\",\"@id\":\"https:\\\/\\\/matthias-pfammatter.ch\\\/en\\\/#website\",\"url\":\"https:\\\/\\\/matthias-pfammatter.ch\\\/en\\\/\",\"name\":\"Matthias Pfammatter\",\"description\":\"Fotograf\",\"publisher\":{\"@id\":\"https:\\\/\\\/matthias-pfammatter.ch\\\/en\\\/#organization\"},\"potentialAction\":[{\"@type\":\"SearchAction\",\"target\":{\"@type\":\"EntryPoint\",\"urlTemplate\":\"https:\\\/\\\/matthias-pfammatter.ch\\\/en\\\/?s={search_term_string}\"},\"query-input\":{\"@type\":\"PropertyValueSpecification\",\"valueRequired\":true,\"valueName\":\"search_term_string\"}}],\"inLanguage\":\"en-GB\"},{\"@type\":\"Organization\",\"@id\":\"https:\\\/\\\/matthias-pfammatter.ch\\\/en\\\/#organization\",\"name\":\"Matthias Pfammatter\",\"url\":\"https:\\\/\\\/matthias-pfammatter.ch\\\/en\\\/\",\"logo\":{\"@type\":\"ImageObject\",\"inLanguage\":\"en-GB\",\"@id\":\"https:\\\/\\\/matthias-pfammatter.ch\\\/en\\\/#\\\/schema\\\/logo\\\/image\\\/\",\"url\":\"https:\\\/\\\/matthias-pfammatter.ch\\\/wp-content\\\/uploads\\\/2022\\\/03\\\/matthias-pfammatter.ch_favicon.jpg\",\"contentUrl\":\"https:\\\/\\\/matthias-pfammatter.ch\\\/wp-content\\\/uploads\\\/2022\\\/03\\\/matthias-pfammatter.ch_favicon.jpg\",\"width\":512,\"height\":512,\"caption\":\"Matthias Pfammatter\"},\"image\":{\"@id\":\"https:\\\/\\\/matthias-pfammatter.ch\\\/en\\\/#\\\/schema\\\/logo\\\/image\\\/\"},\"sameAs\":[\"https:\\\/\\\/www.linkedin.com\\\/in\\\/pfammatter-matthias\\\/\"]}]}<\/script>\n<!-- \/ Yoast SEO plugin. -->","yoast_head_json":{"title":"CV \u2218 Matthias Pfammatter","description":"freelance photographer \u2013 specialises in documentaries and editorial photography","robots":{"index":"index","follow":"follow","max-snippet":"max-snippet:-1","max-image-preview":"max-image-preview:large","max-video-preview":"max-video-preview:-1"},"canonical":"https:\/\/matthias-pfammatter.ch\/en\/cv\/","og_locale":"en_GB","og_type":"article","og_title":"CV \u2218 Matthias Pfammatter","og_description":"freelance photographer \u2013 specialises in documentaries and editorial photography","og_url":"https:\/\/matthias-pfammatter.ch\/en\/cv\/","og_site_name":"Matthias Pfammatter","article_modified_time":"2025-05-24T12:36:58+00:00","twitter_card":"summary_large_image","twitter_misc":{"Estimated reading time":"5 minutes"},"schema":{"@context":"https:\/\/schema.org","@graph":[{"@type":"WebPage","@id":"https:\/\/matthias-pfammatter.ch\/en\/cv\/","url":"https:\/\/matthias-pfammatter.ch\/en\/cv\/","name":"CV \u2218 Matthias Pfammatter","isPartOf":{"@id":"https:\/\/matthias-pfammatter.ch\/en\/#website"},"datePublished":"2021-12-30T08:25:11+00:00","dateModified":"2025-05-24T12:36:58+00:00","description":"freelance photographer \u2013 specialises in documentaries and editorial photography","breadcrumb":{"@id":"https:\/\/matthias-pfammatter.ch\/en\/cv\/#breadcrumb"},"inLanguage":"en-GB","potentialAction":[{"@type":"ReadAction","target":["https:\/\/matthias-pfammatter.ch\/en\/cv\/"]}]},{"@type":"BreadcrumbList","@id":"https:\/\/matthias-pfammatter.ch\/en\/cv\/#breadcrumb","itemListElement":[{"@type":"ListItem","position":1,"name":"Home","item":"https:\/\/matthias-pfammatter.ch\/en\/landing-page\/"},{"@type":"ListItem","position":2,"name":"CV"}]},{"@type":"WebSite","@id":"https:\/\/matthias-pfammatter.ch\/en\/#website","url":"https:\/\/matthias-pfammatter.ch\/en\/","name":"Matthias Pfammatter","description":"Fotograf","publisher":{"@id":"https:\/\/matthias-pfammatter.ch\/en\/#organization"},"potentialAction":[{"@type":"SearchAction","target":{"@type":"EntryPoint","urlTemplate":"https:\/\/matthias-pfammatter.ch\/en\/?s={search_term_string}"},"query-input":{"@type":"PropertyValueSpecification","valueRequired":true,"valueName":"search_term_string"}}],"inLanguage":"en-GB"},{"@type":"Organization","@id":"https:\/\/matthias-pfammatter.ch\/en\/#organization","name":"Matthias Pfammatter","url":"https:\/\/matthias-pfammatter.ch\/en\/","logo":{"@type":"ImageObject","inLanguage":"en-GB","@id":"https:\/\/matthias-pfammatter.ch\/en\/#\/schema\/logo\/image\/","url":"https:\/\/matthias-pfammatter.ch\/wp-content\/uploads\/2022\/03\/matthias-pfammatter.ch_favicon.jpg","contentUrl":"https:\/\/matthias-pfammatter.ch\/wp-content\/uploads\/2022\/03\/matthias-pfammatter.ch_favicon.jpg","width":512,"height":512,"caption":"Matthias Pfammatter"},"image":{"@id":"https:\/\/matthias-pfammatter.ch\/en\/#\/schema\/logo\/image\/"},"sameAs":["https:\/\/www.linkedin.com\/in\/pfammatter-matthias\/"]}]}},"_links":{"self":[{"href":"https:\/\/matthias-pfammatter.ch\/en\/wp-json\/wp\/v2\/pages\/1998","targetHints":{"allow":["GET"]}}],"collection":[{"href":"https:\/\/matthias-pfammatter.ch\/en\/wp-json\/wp\/v2\/pages"}],"about":[{"href":"https:\/\/matthias-pfammatter.ch\/en\/wp-json\/wp\/v2\/types\/page"}],"author":[{"embeddable":true,"href":"https:\/\/matthias-pfammatter.ch\/en\/wp-json\/wp\/v2\/users\/1"}],"replies":[{"embeddable":true,"href":"https:\/\/matthias-pfammatter.ch\/en\/wp-json\/wp\/v2\/comments?post=1998"}],"version-history":[{"count":161,"href":"https:\/\/matthias-pfammatter.ch\/en\/wp-json\/wp\/v2\/pages\/1998\/revisions"}],"predecessor-version":[{"id":4896,"href":"https:\/\/matthias-pfammatter.ch\/en\/wp-json\/wp\/v2\/pages\/1998\/revisions\/4896"}],"wp:attachment":[{"href":"https:\/\/matthias-pfammatter.ch\/en\/wp-json\/wp\/v2\/media?parent=1998"}],"curies":[{"name":"wp","href":"https:\/\/api.w.org\/{rel}","templated":true}]}}